{"id":112,"date":"2013-08-24T12:29:48","date_gmt":"2013-08-24T10:29:48","guid":{"rendered":"http:\/\/djk-letzau.de\/?page_id=112"},"modified":"2013-08-24T12:30:31","modified_gmt":"2013-08-24T10:30:31","slug":"gruendungsmitglieder","status":"publish","type":"page","link":"http:\/\/djk-letzau.de\/?page_id=112","title":{"rendered":"Gr\u00fcndungsmitglieder"},"content":{"rendered":"<p>H. H. Pfarrer Krichenbauer, Letzau<br \/>\nSchulze Hans Georg, Letzau<br \/>\nLingl Josef, Letzau<br \/>\nSchlossarek G\u00fcnter, Mitterh\u00f6ll<br \/>\nVierling Rudi, Oberh\u00f6ll<br \/>\nKunz Georg, Letzau<br \/>\nGallitzd\u00f6rfer Gerhard, Letzau<br \/>\nH\u00f6sl Herbert, Letzau<br \/>\nSpickenreuther Johann, Mitterh\u00f6ll<br \/>\nSteger Hans, Letzau<br \/>\nMeckl Martin, Letzau<br \/>\nGallitzd\u00f6rfer Gustav, Letzau<br \/>\nEger Franz, Letzau Nr. 29<br \/>\nKammerer Alfons, Letzau<br \/>\nHaberkorn Fritz, Letzau<br \/>\nEger Franz, Letzau Nr. 28<br \/>\nHeil Hans, Letzau<br \/>\nKett Siegfried, Letzau<br \/>\nSpickenreuther Robert, Mitterh\u00f6ll<br \/>\nNickl Helmut, Letzau<\/p>\n","protected":false},"excerpt":{"rendered":"<p>H. H. Pfarrer Krichenbauer, Letzau Schulze Hans Georg, Letzau Lingl Josef, Letzau Schlossarek G\u00fcnter, Mitterh\u00f6ll Vierling Rudi, Oberh\u00f6ll Kunz Georg, Letzau Gallitzd\u00f6rfer Gerhard, Letzau H\u00f6sl Herbert, Letzau Spickenreuther Johann, Mitterh\u00f6ll Steger Hans, Letzau Meckl Martin, Letzau Gallitzd\u00f6rfer Gustav, Letzau Eger Franz, Letzau Nr. 29 Kammerer Alfons, Letzau Haberkorn Fritz, Letzau Eger Franz, Letzau Nr. 28 &hellip; <a href=\"http:\/\/djk-letzau.de\/?page_id=112\" class=\"more-link\"><span class=\"screen-reader-text\">Gr\u00fcndungsmitglieder<\/span> weiterlesen <span class=\"meta-nav\">&rarr;<\/span><\/a><\/p>\n","protected":false},"author":1,"featured_media":0,"parent":99,"menu_order":3,"comment_status":"closed","ping_status":"open","template":"","meta":{"ngg_post_thumbnail":0,"jetpack_post_was_ever_published":false},"jetpack_sharing_enabled":true,"jetpack_shortlink":"https:\/\/wp.me\/P498RY-1O","_links":{"self":[{"href":"http:\/\/djk-letzau.de\/index.php?rest_route=\/wp\/v2\/pages\/112"}],"collection":[{"href":"http:\/\/djk-letzau.de\/index.php?rest_route=\/wp\/v2\/pages"}],"about":[{"href":"http:\/\/djk-letzau.de\/index.php?rest_route=\/wp\/v2\/types\/page"}],"author":[{"embeddable":true,"href":"http:\/\/djk-letzau.de\/index.php?rest_route=\/wp\/v2\/users\/1"}],"replies":[{"embeddable":true,"href":"http:\/\/djk-letzau.de\/index.php?rest_route=%2Fwp%2Fv2%2Fcomments&post=112"}],"version-history":[{"count":2,"href":"http:\/\/djk-letzau.de\/index.php?rest_route=\/wp\/v2\/pages\/112\/revisions"}],"predecessor-version":[{"id":115,"href":"http:\/\/djk-letzau.de\/index.php?rest_route=\/wp\/v2\/pages\/112\/revisions\/115"}],"up":[{"embeddable":true,"href":"http:\/\/djk-letzau.de\/index.php?rest_route=\/wp\/v2\/pages\/99"}],"wp:attachment":[{"href":"http:\/\/djk-letzau.de\/index.php?rest_route=%2Fwp%2Fv2%2Fmedia&parent=112"}],"curies":[{"name":"wp","href":"https:\/\/api.w.org\/{rel}","templated":true}]}}