{"id":116,"date":"2013-08-24T12:32:18","date_gmt":"2013-08-24T10:32:18","guid":{"rendered":"http:\/\/djk-letzau.de\/?page_id=116"},"modified":"2013-08-24T12:32:18","modified_gmt":"2013-08-24T10:32:18","slug":"vereinsgeschichte-der-djk-letzau","status":"publish","type":"page","link":"http:\/\/djk-letzau.de\/?page_id=116","title":{"rendered":"Vereinsgeschichte der DJK Letzau"},"content":{"rendered":"<p>Am 16. M\u00e4rz 1967 trafen sich 18 sportfreudige junge M\u00e4nner im J\u00e4gerst\u00fcbeil<br \/>\ndes \u201cH\u00f6lltaler Hofes\u201d um einen Sportverein zu gr\u00fcnden. Als G\u00e4ste waren Pater<br \/>\nAlbrecht Hermann, Di\u00f6zesanbeirat \u2018der Deutschen Jugendkraft, Helmut Pravida,<br \/>\nKreisvorsitzender und Georg Salomon, Di\u00f6zesansportwart, anwesend. ,<br \/>\nMan einigte sich, dem Verein den Namen Deutsche Jugendkraft (DJK) Letzau<br \/>\nzu geben. Alle 18 Anwesenden trugen sich als Gr\u00fcndungsmitglieder ein und unterzeichneten<br \/>\nihre Aufnahmeerkl\u00e4rung. Die Wahl der Vorstandschaft brachte<br \/>\nfolgendes Ergebnis: 1. Vorstand wurde Alfons Kammerer, Letzau; 2. Vorstand<br \/>\nHelmut NickI, Letzau. Zum Schriftf\u00fchrer wurde Lehrer Hans Georg Schulze gew\u00e4hlt.<br \/>\nZum Kassenverwalter w\u00e4hlte man Siegtried Kett. Weiter wurden gew\u00e4hlt:<br \/>\nFranz Eger, Letzau Nr. 29, zum techn, Leiter, Fritz Haberkorn und Franz<br \/>\nEger Nr. 28 zu Kassenpr\u00fcfern und Josef Lingl und Hans Heil zu Beisitzern. 2.<br \/>\nSchriftf\u00fchrer wurde Herbert H\u00f6sl. Pfarrer Krichenbauer ist seit Gr\u00fcndung der<br \/>\nDJK Letzau Geistlicher Beirat. Da kein Sportplatz vorhanden war, wurde eine<br \/>\ngeeignete Wiese gepachtet. Die Gemeinde Letzau gab dem jungen Verein eine<br \/>\nStarthilfe in H\u00f6he von DM 100,- und erkl\u00e4rte sich bereit bis zur Beendigung<br \/>\nder Flurbereinigung die Pachtkosten f\u00fcr den Sportplatz zu \u00fcbernehmen. Bereits<br \/>\nim Gr\u00fcndungsjahr begann die DJK mit dem Spielbetrieb in der C-Klasse und<br \/>\nbeendete die erste Saison mit dem 8. \u2018I\u2019abellenplatz. Am 24.7.1969 wurde mit<br \/>\ndem Bau des neuen Sportplatzes mit Sportheim begonnen. Der Kostenvoranschlag<br \/>\nf\u00fcr dieses Vorhaben belief sich auf 102000 DM. Tatkr\u00e4ftige Unterst\u00fctzung<br \/>\nerfuhr die DJK Letzau von Herrn MdL Willy Schaller, Herrn Michl Ringer<br \/>\nals 2. Bezirksvorsitzender des BLSV, Herrn Josef Weber, Kreisvorsitzender<br \/>\ndes BLSV sowie vom Landkreis Neustadt\/WN und der Gemeinde Letzau. Zahlreiche<br \/>\nfreiwillige Arbeitsstunden wurden geleistet damit das Bauvorhaben z\u00fcgig<br \/>\nvoranging.<br \/>\nObwohl der Sportplatz im Vordergrund der Vereinsarbeit in den letzten Jahren<br \/>\nstand, wurden auch gute sportliche Erfolge erzielt. Die DJK war stets unter<br \/>\nden ersten 4 Mannschaften in der C-Klasse Weiden Ost zu finden. Auch bei Pokalturnieren<br \/>\nin Leuchtenberg (2. Platz) Altenstadt\/Voh. (2. Platz) und Roggenstein<br \/>\n(1. Platz) konnte die DJK gute Erfolge erzielen.<br \/>\nMit der Fertigstellung des neuen Sportplatzes erhofft sich die DJK Letzau<br \/>\nauch eine Steigerung der sportlichen Leistung. Zur Zeit nehmen 3 Seniorenund<br \/>\n1. Jugendmannschaft am al\u00fciven Spielbetrieb teil.<br \/>\nAllen, die dem jungen Verein bisher ihre Unterst\u00fctzung zuteil werden lie\u00dfen,<br \/>\nsei an dieser Stelle herzlich gedankt. Mit dem DJK-Spruch \u201cJugendkraft Heil\u201d<br \/>\nblickt die DJK Letzau hoffnungsvoll in die Zukunft.<\/p>\n","protected":false},"excerpt":{"rendered":"<p>Am 16. M\u00e4rz 1967 trafen sich 18 sportfreudige junge M\u00e4nner im J\u00e4gerst\u00fcbeil des \u201cH\u00f6lltaler Hofes\u201d um einen Sportverein zu gr\u00fcnden. Als G\u00e4ste waren Pater Albrecht Hermann, Di\u00f6zesanbeirat \u2018der Deutschen Jugendkraft, Helmut Pravida, Kreisvorsitzender und Georg Salomon, Di\u00f6zesansportwart, anwesend. , Man einigte sich, dem Verein den Namen Deutsche Jugendkraft (DJK) Letzau zu geben. Alle 18 Anwesenden &hellip; <a href=\"http:\/\/djk-letzau.de\/?page_id=116\" class=\"more-link\"><span class=\"screen-reader-text\">Vereinsgeschichte der DJK Letzau<\/span> weiterlesen <span class=\"meta-nav\">&rarr;<\/span><\/a><\/p>\n","protected":false},"author":1,"featured_media":0,"parent":99,"menu_order":4,"comment_status":"closed","ping_status":"open","template":"","meta":{"ngg_post_thumbnail":0,"jetpack_post_was_ever_published":false},"jetpack_sharing_enabled":true,"jetpack_shortlink":"https:\/\/wp.me\/P498RY-1S","_links":{"self":[{"href":"http:\/\/djk-letzau.de\/index.php?rest_route=\/wp\/v2\/pages\/116"}],"collection":[{"href":"http:\/\/djk-letzau.de\/index.php?rest_route=\/wp\/v2\/pages"}],"about":[{"href":"http:\/\/djk-letzau.de\/index.php?rest_route=\/wp\/v2\/types\/page"}],"author":[{"embeddable":true,"href":"http:\/\/djk-letzau.de\/index.php?rest_route=\/wp\/v2\/users\/1"}],"replies":[{"embeddable":true,"href":"http:\/\/djk-letzau.de\/index.php?rest_route=%2Fwp%2Fv2%2Fcomments&post=116"}],"version-history":[{"count":1,"href":"http:\/\/djk-letzau.de\/index.php?rest_route=\/wp\/v2\/pages\/116\/revisions"}],"predecessor-version":[{"id":117,"href":"http:\/\/djk-letzau.de\/index.php?rest_route=\/wp\/v2\/pages\/116\/revisions\/117"}],"up":[{"embeddable":true,"href":"http:\/\/djk-letzau.de\/index.php?rest_route=\/wp\/v2\/pages\/99"}],"wp:attachment":[{"href":"http:\/\/djk-letzau.de\/index.php?rest_route=%2Fwp%2Fv2%2Fmedia&parent=116"}],"curies":[{"name":"wp","href":"https:\/\/api.w.org\/{rel}","templated":true}]}}