{"id":16,"date":"2013-08-24T11:04:25","date_gmt":"2013-08-24T09:04:25","guid":{"rendered":"http:\/\/djk-letzau.de\/?page_id=16"},"modified":"2013-08-24T11:36:55","modified_gmt":"2013-08-24T09:36:55","slug":"tischtennis","status":"publish","type":"page","link":"http:\/\/djk-letzau.de\/?page_id=16","title":{"rendered":"Tischtennis"},"content":{"rendered":"<p><a href=\"http:\/\/djk-letzau.de\/wp-content\/uploads\/2013\/08\/11_tt-turnier_gruppenfoto1.jpg\"><img decoding=\"async\" loading=\"lazy\" class=\"alignnone size-full wp-image-75\" alt=\"11_tt-turnier_gruppenfoto\" src=\"http:\/\/djk-letzau.de\/wp-content\/uploads\/2013\/08\/11_tt-turnier_gruppenfoto1.jpg\" width=\"4251\" height=\"2631\" srcset=\"http:\/\/djk-letzau.de\/wp-content\/uploads\/2013\/08\/11_tt-turnier_gruppenfoto1.jpg 4251w, http:\/\/djk-letzau.de\/wp-content\/uploads\/2013\/08\/11_tt-turnier_gruppenfoto1-300x185.jpg 300w, http:\/\/djk-letzau.de\/wp-content\/uploads\/2013\/08\/11_tt-turnier_gruppenfoto1-1024x633.jpg 1024w\" sizes=\"(max-width: 4251px) 100vw, 4251px\" \/><\/a><\/p>\n<p>vorne (liegend): Svenja B\u00e4umler<\/p>\n<p>von links: Dominik Kick, Markus Forster, Martin Seiler, Johannes Spickenreuther, Alina Hutter, Baptist H\u00f6sl, Lukas Neumann, Alexander Lukas, Markus Schuller, Josua Ott, Christian Troglauer, Julian Hutter<\/p>\n<p>Von Anfang November bis Ende Dezember trainierten wir wieder w\u00f6chentlich jeden Dienstag im Gemeindehaus Letzau Tischtennis. Teilnehmen konnten alle Sch\u00fclerinnen und Sch\u00fcler der Gemeinde Theisseil ab acht Jahren.<\/p>\n<p>Bereits im Training gab es packende Duelle bei Rundlauf-, Doppel- und Einzelspielen. Besonders begehrt war dabei die neue Platte, die im letzten Jahr von der Theatergruppe Letzau gestiftet wurde.<\/p>\n<p>Ende Dezember fand schlie\u00dflich im Gemeindehaus Letzau das vierte DJK-Tischtennisturnier statt. In drei Altersklassen wurden in hart umk\u00e4mpften Duellen die Sieger ermittelt. Die ersten Pl\u00e4tze belegten Josua Ott (Gruppe C), Julian Hutter (Gruppe B) sowie Johannes Spickenreuther (Gruppe A) bei den m\u00e4nnlichen Teilnehmern. Als Turniersieger aller Altersklassen konnte sich schlie\u00dflich Johannes Spickenreuther durchsetzen.<\/p>\n<p>Alle Teilnehmer des Turniers wurden bei der Siegerehrung mit einer Urkunde und einer Medaille ausgezeichnet.<\/p>\n<p>Herzlichen Dank an<\/p>\n<p>Gemeinde Letzau f\u00fcr die Nutzung der Halle<br \/>\nSchiedsrichter Baptist H\u00f6sl, Christian Troglauer<br \/>\nBurkhard R\u00f6hlinger f\u00fcr das Ausleihen der privaten Tischtennisplatte<\/p>\n","protected":false},"excerpt":{"rendered":"<p>vorne (liegend): Svenja B\u00e4umler von links: Dominik Kick, Markus Forster, Martin Seiler, Johannes Spickenreuther, Alina Hutter, Baptist H\u00f6sl, Lukas Neumann, Alexander Lukas, Markus Schuller, Josua Ott, Christian Troglauer, Julian Hutter Von Anfang November bis Ende Dezember trainierten wir wieder w\u00f6chentlich jeden Dienstag im Gemeindehaus Letzau Tischtennis. Teilnehmen konnten alle Sch\u00fclerinnen und Sch\u00fcler der Gemeinde Theisseil &hellip; <a href=\"http:\/\/djk-letzau.de\/?page_id=16\" class=\"more-link\"><span class=\"screen-reader-text\">Tischtennis<\/span> weiterlesen <span class=\"meta-nav\">&rarr;<\/span><\/a><\/p>\n","protected":false},"author":1,"featured_media":0,"parent":0,"menu_order":4,"comment_status":"closed","ping_status":"open","template":"","meta":{"ngg_post_thumbnail":0,"jetpack_post_was_ever_published":false},"jetpack_sharing_enabled":true,"jetpack_shortlink":"https:\/\/wp.me\/P498RY-g","_links":{"self":[{"href":"http:\/\/djk-letzau.de\/index.php?rest_route=\/wp\/v2\/pages\/16"}],"collection":[{"href":"http:\/\/djk-letzau.de\/index.php?rest_route=\/wp\/v2\/pages"}],"about":[{"href":"http:\/\/djk-letzau.de\/index.php?rest_route=\/wp\/v2\/types\/page"}],"author":[{"embeddable":true,"href":"http:\/\/djk-letzau.de\/index.php?rest_route=\/wp\/v2\/users\/1"}],"replies":[{"embeddable":true,"href":"http:\/\/djk-letzau.de\/index.php?rest_route=%2Fwp%2Fv2%2Fcomments&post=16"}],"version-history":[{"count":2,"href":"http:\/\/djk-letzau.de\/index.php?rest_route=\/wp\/v2\/pages\/16\/revisions"}],"predecessor-version":[{"id":76,"href":"http:\/\/djk-letzau.de\/index.php?rest_route=\/wp\/v2\/pages\/16\/revisions\/76"}],"wp:attachment":[{"href":"http:\/\/djk-letzau.de\/index.php?rest_route=%2Fwp%2Fv2%2Fmedia&parent=16"}],"curies":[{"name":"wp","href":"https:\/\/api.w.org\/{rel}","templated":true}]}}