{"id":68,"date":"2013-08-24T11:33:36","date_gmt":"2013-08-24T09:33:36","guid":{"rendered":"http:\/\/djk-letzau.de\/?page_id=68"},"modified":"2013-08-24T11:34:10","modified_gmt":"2013-08-24T09:34:10","slug":"seniorenmannschaft","status":"publish","type":"page","link":"http:\/\/djk-letzau.de\/?page_id=68","title":{"rendered":"Seniorenmannschaft"},"content":{"rendered":"<p>Mannschaft:<\/p>\n<p>    Herrmann, Ernst<br \/>\n    Kick, Karl<br \/>\n    Lilla, G\u00fcnther<br \/>\n    Zimmermann, J\u00fcrgen<br \/>\n    Oswald, Herbert<br \/>\n    Bonkoss, Manfred<br \/>\n    D\u00f6llner, Reinhard<br \/>\n    Dehne, Walter<br \/>\n    Reiss, Hans-J\u00fcrgen<br \/>\n    Heilek, Rolf<br \/>\n    Zeman, Ralf<br \/>\n    Schuster, Manfred<br \/>\n    Ochmann, George<\/p>\n","protected":false},"excerpt":{"rendered":"<p>Mannschaft: Herrmann, Ernst Kick, Karl Lilla, G\u00fcnther Zimmermann, J\u00fcrgen Oswald, Herbert Bonkoss, Manfred D\u00f6llner, Reinhard Dehne, Walter Reiss, Hans-J\u00fcrgen Heilek, Rolf Zeman, Ralf Schuster, Manfred Ochmann, George<\/p>\n","protected":false},"author":1,"featured_media":71,"parent":14,"menu_order":0,"comment_status":"closed","ping_status":"open","template":"","meta":{"ngg_post_thumbnail":0,"jetpack_post_was_ever_published":false},"jetpack_sharing_enabled":true,"jetpack_shortlink":"https:\/\/wp.me\/P498RY-16","_links":{"self":[{"href":"http:\/\/djk-letzau.de\/index.php?rest_route=\/wp\/v2\/pages\/68"}],"collection":[{"href":"http:\/\/djk-letzau.de\/index.php?rest_route=\/wp\/v2\/pages"}],"about":[{"href":"http:\/\/djk-letzau.de\/index.php?rest_route=\/wp\/v2\/types\/page"}],"author":[{"embeddable":true,"href":"http:\/\/djk-letzau.de\/index.php?rest_route=\/wp\/v2\/users\/1"}],"replies":[{"embeddable":true,"href":"http:\/\/djk-letzau.de\/index.php?rest_route=%2Fwp%2Fv2%2Fcomments&post=68"}],"version-history":[{"count":1,"href":"http:\/\/djk-letzau.de\/index.php?rest_route=\/wp\/v2\/pages\/68\/revisions"}],"predecessor-version":[{"id":70,"href":"http:\/\/djk-letzau.de\/index.php?rest_route=\/wp\/v2\/pages\/68\/revisions\/70"}],"up":[{"embeddable":true,"href":"http:\/\/djk-letzau.de\/index.php?rest_route=\/wp\/v2\/pages\/14"}],"wp:featuredmedia":[{"embeddable":true,"href":"http:\/\/djk-letzau.de\/index.php?rest_route=\/wp\/v2\/media\/71"}],"wp:attachment":[{"href":"http:\/\/djk-letzau.de\/index.php?rest_route=%2Fwp%2Fv2%2Fmedia&parent=68"}],"curies":[{"name":"wp","href":"https:\/\/api.w.org\/{rel}","templated":true}]}}